{"id":10,"date":"2026-04-24T18:49:37","date_gmt":"2026-04-24T18:49:37","guid":{"rendered":"https:\/\/invafer.pt\/?page_id=10"},"modified":"2026-04-24T20:01:51","modified_gmt":"2026-04-24T20:01:51","slug":"home","status":"publish","type":"page","link":"https:\/\/invafer.pt\/","title":{"rendered":"HOME"},"content":{"rendered":"\n<h2 class=\"wp-block-heading has-text-align-center\"><strong>Inspe\u00e7\u00e3o de Estantes Industriais<\/strong><\/h2>\n\n\n\n<p>A Invafer Lda. \u00e9 especializada na inspe\u00e7\u00e3o, manuten\u00e7\u00e3o e repara\u00e7\u00e3o de estantes met\u00e1licas para operadores log\u00edsticos e industriais.<\/p>\n\n\n\n<p>Garantimos a seguran\u00e7a das suas instala\u00e7\u00f5es, o cumprimento das normas e a preven\u00e7\u00e3o de riscos e acidentes.<\/p>\n\n\n\n<div class=\"wp-block-buttons alignwide is-content-justification-center is-layout-flex wp-container-core-buttons-is-layout-a89b3969 wp-block-buttons-is-layout-flex\">\n<div class=\"wp-block-button is-style-fill\"><a class=\"wp-block-button__link wp-element-button\" href=\"mailto:invafer@invafer.pt?subject=Pedido de Inspe\u00e7\u00e3o de Estantes&amp;body=Nome:%0AEmpresa:%0ALocal da inspe\u00e7\u00e3o:%0ATelefone:%0AObserva\u00e7\u00f5es:\"><strong>Pedir inspe\u00e7\u00e3o<\/strong><\/a><\/div>\n<\/div>\n\n\n\n<h2 class=\"wp-block-heading has-text-align-center\"><strong>Os nossos servi\u00e7os<\/strong><\/h2>\n\n\n\n<ul class=\"wp-block-list\">\n<li>Inspe\u00e7\u00e3o de estantes industriais<\/li>\n\n\n\n<li>Repara\u00e7\u00e3o e manuten\u00e7\u00e3o<\/li>\n\n\n\n<li>Com\u00e9rcio de estantes met\u00e1licas<\/li>\n<\/ul>\n\n\n\n<p>Trabalhamos com operadores log\u00edsticos e industriais, garantindo seguran\u00e7a e conformidade com as normas.<\/p>\n\n\n\n<h2 class=\"wp-block-heading has-text-align-center\"><strong>Porqu\u00ea escolher a Invafer?<\/strong><\/h2>\n\n\n\n<p>\u2714 Experi\u00eancia no setor industrial<br>\u2714 Foco na seguran\u00e7a e preven\u00e7\u00e3o de riscos<br>\u2714 Resposta r\u00e1pida a pedidos de inspe\u00e7\u00e3o<br>\u2714 Servi\u00e7o profissional e especializado<\/p>\n\n\n\n<div class=\"wp-block-buttons is-content-justification-center is-layout-flex wp-container-core-buttons-is-layout-a89b3969 wp-block-buttons-is-layout-flex\">\n<div class=\"wp-block-button\"><a class=\"wp-block-button__link wp-element-button\" href=\"mailto:invafer@invafer.pt?subject=Pedido de Inspe\u00e7\u00e3o de Estantes&amp;body=Nome:%0AEmpresa:%0ALocal da inspe\u00e7\u00e3o:%0ATelefone:%0AObserva\u00e7\u00f5es:\">Solicitar inspe\u00e7\u00e3o<\/a><\/div>\n<\/div>\n","protected":false},"excerpt":{"rendered":"<p>Inspe\u00e7\u00e3o de Estantes Industriais A Invafer Lda. \u00e9 especializada na inspe\u00e7\u00e3o, manuten\u00e7\u00e3o e repara\u00e7\u00e3o de estantes met\u00e1licas para operadores log\u00edsticos [&hellip;]<\/p>\n","protected":false},"author":1,"featured_media":0,"parent":0,"menu_order":1,"comment_status":"closed","ping_status":"closed","template":"","meta":{"site-sidebar-layout":"default","site-content-layout":"","ast-site-content-layout":"default","site-content-style":"default","site-sidebar-style":"default","ast-global-header-display":"","ast-banner-title-visibility":"","ast-main-header-display":"","ast-hfb-above-header-display":"","ast-hfb-below-header-display":"","ast-hfb-mobile-header-display":"","site-post-title":"disabled","ast-breadcrumbs-content":"","ast-featured-img":"","footer-sml-layout":"","ast-disable-related-posts":"","theme-transparent-header-meta":"","adv-header-id-meta":"","stick-header-meta":"","header-above-stick-meta":"","header-main-stick-meta":"","header-below-stick-meta":"","astra-migrate-meta-layouts":"default","ast-page-background-enabled":"default","ast-page-background-meta":{"desktop":{"background-color":"var(--ast-global-color-5)","background-image":"","background-repeat":"repeat","background-position":"center center","background-size":"auto","background-attachment":"scroll","background-type":"","background-media":"","overlay-type":"","overlay-color":"","overlay-opacity":"","overlay-gradient":""},"tablet":{"background-color":"","background-image":"","background-repeat":"repeat","background-position":"center center","background-size":"auto","background-attachment":"scroll","background-type":"","background-media":"","overlay-type":"","overlay-color":"","overlay-opacity":"","overlay-gradient":""},"mobile":{"background-color":"","background-image":"","background-repeat":"repeat","background-position":"center center","background-size":"auto","background-attachment":"scroll","background-type":"","background-media":"","overlay-type":"","overlay-color":"","overlay-opacity":"","overlay-gradient":""}},"ast-content-background-meta":{"desktop":{"background-color":"var(--ast-global-color-4)","background-image":"","background-repeat":"repeat","background-position":"center center","background-size":"auto","background-attachment":"scroll","background-type":"","background-media":"","overlay-type":"","overlay-color":"","overlay-opacity":"","overlay-gradient":""},"tablet":{"background-color":"var(--ast-global-color-4)","background-image":"","background-repeat":"repeat","background-position":"center center","background-size":"auto","background-attachment":"scroll","background-type":"","background-media":"","overlay-type":"","overlay-color":"","overlay-opacity":"","overlay-gradient":""},"mobile":{"background-color":"var(--ast-global-color-4)","background-image":"","background-repeat":"repeat","background-position":"center center","background-size":"auto","background-attachment":"scroll","background-type":"","background-media":"","overlay-type":"","overlay-color":"","overlay-opacity":"","overlay-gradient":""}},"footnotes":""},"class_list":["post-10","page","type-page","status-publish","hentry"],"_links":{"self":[{"href":"https:\/\/invafer.pt\/index.php?rest_route=\/wp\/v2\/pages\/10","targetHints":{"allow":["GET"]}}],"collection":[{"href":"https:\/\/invafer.pt\/index.php?rest_route=\/wp\/v2\/pages"}],"about":[{"href":"https:\/\/invafer.pt\/index.php?rest_route=\/wp\/v2\/types\/page"}],"author":[{"embeddable":true,"href":"https:\/\/invafer.pt\/index.php?rest_route=\/wp\/v2\/users\/1"}],"replies":[{"embeddable":true,"href":"https:\/\/invafer.pt\/index.php?rest_route=%2Fwp%2Fv2%2Fcomments&post=10"}],"version-history":[{"count":11,"href":"https:\/\/invafer.pt\/index.php?rest_route=\/wp\/v2\/pages\/10\/revisions"}],"predecessor-version":[{"id":62,"href":"https:\/\/invafer.pt\/index.php?rest_route=\/wp\/v2\/pages\/10\/revisions\/62"}],"wp:attachment":[{"href":"https:\/\/invafer.pt\/index.php?rest_route=%2Fwp%2Fv2%2Fmedia&parent=10"}],"curies":[{"name":"wp","href":"https:\/\/api.w.org\/{rel}","templated":true}]}}